{"id":130,"date":"2021-08-09T22:41:11","date_gmt":"2021-08-10T01:41:11","guid":{"rendered":"https:\/\/bellocard.com.br\/?page_id=130"},"modified":"2021-08-09T22:43:06","modified_gmt":"2021-08-10T01:43:06","slug":"parceiro-bellocard","status":"publish","type":"page","link":"https:\/\/bellocard.com.br\/index.php\/parceiro-bellocard\/","title":{"rendered":"Parceiro BelloCard"},"content":{"rendered":"\n<h2 class=\"wp-block-heading\">Por que ser um Parceiro BelloCard?<\/h2>\n\n\n\n<hr class=\"wp-block-separator\"\/>\n\n\n\n<ul class=\"wp-block-list\"><li>Vendas on-line, sistema POS ou TEF;<br><\/li><li>Garantia de recebimento em dia;<br><\/li><li>Maior visibilidade do seu neg\u00f3cio em nossos canais digitais;<br><\/li><li>Melhores taxas, condi\u00e7\u00f5es de vendas parceladas;<br><\/li><li>Solu\u00e7\u00f5es inteligentes e integradas que facilitam a gest\u00e3o da empresa;<br><\/li><li>Relacionamento e atendimento consultivo integral;<br><\/li><li>Extratos atualizados a cada venda, consultas on-line, via telefone e outros canais;<br><\/li><li>Antecipa\u00e7\u00e3o de receb\u00edveis, aumento das oportunidades de seu neg\u00f3cio.<\/li><\/ul>\n\n\n\n<p><br>Entre em contato conosco atrav\u00e9s dos nossos canais.<\/p>\n","protected":false},"excerpt":{"rendered":"<p>Por que ser um Parceiro BelloCard? Vendas on-line, sistema POS ou TEF; Garantia de recebimento em dia; Maior visibilidade do seu neg\u00f3cio em nossos canais digitais; Melhores taxas, condi\u00e7\u00f5es de vendas parceladas; Solu\u00e7\u00f5es inteligentes e integradas que facilitam a gest\u00e3o da empresa; Relacionamento e atendimento consultivo integral; Extratos atualizados a cada venda, consultas on-line, via [&hellip;]<\/p>\n","protected":false},"author":1,"featured_media":0,"parent":0,"menu_order":0,"comment_status":"closed","ping_status":"closed","template":"","meta":{"footnotes":""},"class_list":["post-130","page","type-page","status-publish","hentry"],"_links":{"self":[{"href":"https:\/\/bellocard.com.br\/index.php\/wp-json\/wp\/v2\/pages\/130","targetHints":{"allow":["GET"]}}],"collection":[{"href":"https:\/\/bellocard.com.br\/index.php\/wp-json\/wp\/v2\/pages"}],"about":[{"href":"https:\/\/bellocard.com.br\/index.php\/wp-json\/wp\/v2\/types\/page"}],"author":[{"embeddable":true,"href":"https:\/\/bellocard.com.br\/index.php\/wp-json\/wp\/v2\/users\/1"}],"replies":[{"embeddable":true,"href":"https:\/\/bellocard.com.br\/index.php\/wp-json\/wp\/v2\/comments?post=130"}],"version-history":[{"count":3,"href":"https:\/\/bellocard.com.br\/index.php\/wp-json\/wp\/v2\/pages\/130\/revisions"}],"predecessor-version":[{"id":134,"href":"https:\/\/bellocard.com.br\/index.php\/wp-json\/wp\/v2\/pages\/130\/revisions\/134"}],"wp:attachment":[{"href":"https:\/\/bellocard.com.br\/index.php\/wp-json\/wp\/v2\/media?parent=130"}],"curies":[{"name":"wp","href":"https:\/\/api.w.org\/{rel}","templated":true}]}}