{"id":166,"date":"2021-08-10T10:24:20","date_gmt":"2021-08-10T13:24:20","guid":{"rendered":"https:\/\/bellocard.com.br\/?page_id=166"},"modified":"2021-08-12T14:37:39","modified_gmt":"2021-08-12T18:37:39","slug":"beneficio-2","status":"publish","type":"page","link":"https:\/\/bellocard.com.br\/index.php\/beneficio-2\/","title":{"rendered":"Benef\u00edcio"},"content":{"rendered":"\n<h2 class=\"wp-block-heading\">Conhe\u00e7a nosso Cart\u00e3o Benef\u00edcio<\/h2>\n\n\n\n<hr class=\"wp-block-separator\"\/>\n\n\n\n<figure class=\"wp-block-image size-large\"><img decoding=\"async\" width=\"1024\" height=\"656\" src=\"https:\/\/bellocard.com.br\/wp-content\/uploads\/2021\/08\/beneficio01-1024x656.jpg\" alt=\"\" class=\"wp-image-171\" srcset=\"https:\/\/bellocard.com.br\/wp-content\/uploads\/2021\/08\/beneficio01-1024x656.jpg 1024w, https:\/\/bellocard.com.br\/wp-content\/uploads\/2021\/08\/beneficio01-300x192.jpg 300w, https:\/\/bellocard.com.br\/wp-content\/uploads\/2021\/08\/beneficio01-768x492.jpg 768w, https:\/\/bellocard.com.br\/wp-content\/uploads\/2021\/08\/beneficio01-1536x983.jpg 1536w, https:\/\/bellocard.com.br\/wp-content\/uploads\/2021\/08\/beneficio01.jpg 2010w\" sizes=\"(max-width: 1024px) 100vw, 1024px\" \/><\/figure>\n\n\n\n<p>&#8211; Elimina Tickets e Cestas B\u00e1sicas;<\/p>\n\n\n\n<p>&#8211; Benef\u00edcios cedido pela Empresa (regras estabelecidas pelas respectivas empresas);<\/p>\n\n\n\n<p>&#8211; Controle de Gastos, Extratos e Saldos;<\/p>\n\n\n\n<p>&#8211; Sem encargos sociais para a empresa;<\/p>\n","protected":false},"excerpt":{"rendered":"<p>Conhe\u00e7a nosso Cart\u00e3o Benef\u00edcio &#8211; Elimina Tickets e Cestas B\u00e1sicas; &#8211; Benef\u00edcios cedido pela Empresa (regras estabelecidas pelas respectivas empresas); &#8211; Controle de Gastos, Extratos e Saldos; &#8211; Sem encargos sociais para a empresa;<\/p>\n","protected":false},"author":1,"featured_media":0,"parent":0,"menu_order":0,"comment_status":"closed","ping_status":"closed","template":"","meta":{"footnotes":""},"class_list":["post-166","page","type-page","status-publish","hentry"],"_links":{"self":[{"href":"https:\/\/bellocard.com.br\/index.php\/wp-json\/wp\/v2\/pages\/166","targetHints":{"allow":["GET"]}}],"collection":[{"href":"https:\/\/bellocard.com.br\/index.php\/wp-json\/wp\/v2\/pages"}],"about":[{"href":"https:\/\/bellocard.com.br\/index.php\/wp-json\/wp\/v2\/types\/page"}],"author":[{"embeddable":true,"href":"https:\/\/bellocard.com.br\/index.php\/wp-json\/wp\/v2\/users\/1"}],"replies":[{"embeddable":true,"href":"https:\/\/bellocard.com.br\/index.php\/wp-json\/wp\/v2\/comments?post=166"}],"version-history":[{"count":4,"href":"https:\/\/bellocard.com.br\/index.php\/wp-json\/wp\/v2\/pages\/166\/revisions"}],"predecessor-version":[{"id":192,"href":"https:\/\/bellocard.com.br\/index.php\/wp-json\/wp\/v2\/pages\/166\/revisions\/192"}],"wp:attachment":[{"href":"https:\/\/bellocard.com.br\/index.php\/wp-json\/wp\/v2\/media?parent=166"}],"curies":[{"name":"wp","href":"https:\/\/api.w.org\/{rel}","templated":true}]}}