{"id":2,"date":"2021-07-12T21:46:14","date_gmt":"2021-07-13T00:46:14","guid":{"rendered":"https:\/\/bellocard.com.br\/?page_id=2"},"modified":"2021-08-11T14:53:55","modified_gmt":"2021-08-11T18:53:55","slug":"quem-somos","status":"publish","type":"page","link":"https:\/\/bellocard.com.br\/index.php\/quem-somos\/","title":{"rendered":"Quem Somos"},"content":{"rendered":"\n<h2 class=\"wp-block-heading\">Um pouco Sobre N\u00f3s<\/h2>\n\n\n\n<hr class=\"wp-block-separator\"\/>\n\n\n\n<figure class=\"wp-block-video\"><video height=\"1080\" style=\"aspect-ratio: 1920 \/ 1080;\" width=\"1920\" controls src=\"https:\/\/bellocard.com.br\/wp-content\/uploads\/2021\/08\/videoInstitucional.mp4\"><\/video><figcaption>BelloCard &#8211; Administradora de Cart\u00f5es<\/figcaption><\/figure>\n\n\n\n<p>Somos uma empresa especializada em administra\u00e7\u00e3o de cart\u00f5es pr\u00f3prios ou n\u00e3o, sediada em Campo Grande  &#8211; Mato Grosso do Sul. Nosso foco principal \u00e9: oportunizar solu\u00e7\u00f5es de cr\u00e9dito, benef\u00edcios e fideliza\u00e7\u00e3o de usu\u00e1rios para o empregador, entidades e organiza\u00e7\u00f5es de qualquer seguimento que valorizam seus funcion\u00e1rios e filiados. <br><br>Oferecemos a possibilidade, para as empresas que utilizem cart\u00e3o pr\u00f3prio, que tenham total gest\u00e3o dos conv\u00eanios e integra\u00e7\u00e3o direta \u00e0s suas respectivas folhas de pagamento dos gastos dos associados em nossa rede credenciada. <br><br>Temos registro no programa PAT (Programa de Alimenta\u00e7\u00e3o ao Trabalhador) para colaborar com a gest\u00e3o das empresas oportunando um desconto de at\u00e9 4% no IR. Este benef\u00edcio permite que o usu\u00e1rio realize refei\u00e7\u00f5es com qualidade, melhorando a condi\u00e7\u00e3o e a capacidade f\u00edsica no trabalho. Campanhas de filia\u00e7\u00e3o, sorteios e brindes exclusivos para compras nos cart\u00f5es conv\u00eanios.<\/p>\n\n\n\n<blockquote class=\"wp-block-quote is-layout-flow wp-block-quote-is-layout-flow\"><p><strong>Miss\u00e3o:<\/strong><br>Ofertar a gest\u00e3o de cr\u00e9dito, conv\u00eanio e benef\u00edcios, com inova\u00e7\u00e3o, agilidade, transpar\u00eancia e seguran\u00e7a.<\/p><\/blockquote>\n\n\n\n<blockquote class=\"wp-block-quote is-layout-flow wp-block-quote-is-layout-flow\"><p><strong>Vis\u00e3o:<\/strong><br>Ser reconhecida pela qualidade de servi\u00e7os prestados, desempenho e tecnologia.<\/p><\/blockquote>\n\n\n\n<blockquote class=\"wp-block-quote is-layout-flow wp-block-quote-is-layout-flow\"><p><strong>Valores:<\/strong><br>Comprometimento, valoriza\u00e7\u00e3o as pessoas, vis\u00e3o de novos mercados.<\/p><\/blockquote>\n","protected":false},"excerpt":{"rendered":"<p>Um pouco Sobre N\u00f3s Somos uma empresa especializada em administra\u00e7\u00e3o de cart\u00f5es pr\u00f3prios ou n\u00e3o, sediada em Campo Grande &#8211; Mato Grosso do Sul. Nosso foco principal \u00e9: oportunizar solu\u00e7\u00f5es de cr\u00e9dito, benef\u00edcios e fideliza\u00e7\u00e3o de usu\u00e1rios para o empregador, entidades e organiza\u00e7\u00f5es de qualquer seguimento que valorizam seus funcion\u00e1rios e filiados. Oferecemos a possibilidade, [&hellip;]<\/p>\n","protected":false},"author":1,"featured_media":0,"parent":0,"menu_order":0,"comment_status":"closed","ping_status":"closed","template":"","meta":{"footnotes":""},"class_list":["post-2","page","type-page","status-publish","hentry"],"_links":{"self":[{"href":"https:\/\/bellocard.com.br\/index.php\/wp-json\/wp\/v2\/pages\/2","targetHints":{"allow":["GET"]}}],"collection":[{"href":"https:\/\/bellocard.com.br\/index.php\/wp-json\/wp\/v2\/pages"}],"about":[{"href":"https:\/\/bellocard.com.br\/index.php\/wp-json\/wp\/v2\/types\/page"}],"author":[{"embeddable":true,"href":"https:\/\/bellocard.com.br\/index.php\/wp-json\/wp\/v2\/users\/1"}],"replies":[{"embeddable":true,"href":"https:\/\/bellocard.com.br\/index.php\/wp-json\/wp\/v2\/comments?post=2"}],"version-history":[{"count":14,"href":"https:\/\/bellocard.com.br\/index.php\/wp-json\/wp\/v2\/pages\/2\/revisions"}],"predecessor-version":[{"id":184,"href":"https:\/\/bellocard.com.br\/index.php\/wp-json\/wp\/v2\/pages\/2\/revisions\/184"}],"wp:attachment":[{"href":"https:\/\/bellocard.com.br\/index.php\/wp-json\/wp\/v2\/media?parent=2"}],"curies":[{"name":"wp","href":"https:\/\/api.w.org\/{rel}","templated":true}]}}