{"id":23,"date":"2021-07-27T20:58:18","date_gmt":"2021-07-27T23:58:18","guid":{"rendered":"https:\/\/bellocard.com.br\/?page_id=23"},"modified":"2021-08-09T21:45:16","modified_gmt":"2021-08-10T00:45:16","slug":"vantagens","status":"publish","type":"page","link":"https:\/\/bellocard.com.br\/index.php\/vantagens\/","title":{"rendered":"Vantagens"},"content":{"rendered":"\n<h2 class=\"wp-block-heading\">Conhe\u00e7a nossas Vantagens<\/h2>\n\n\n\n<hr class=\"wp-block-separator\"\/>\n\n\n\n\t<div class=\"everest-tab-main-wrapper etab-sc-main-wrapper etab-clearfix etab-group-wrap etab-sp-custom-69 etab-template1 etab-trigger-on_click etab-horizontal etab-top-left-position\" data-tab_trigger_type=\"on_click\" id=\"et-tab-random-395910966\">\n\t\t<div class=\"etab-header-wrap\">\n\t\t\t<ul class=\"etab-title-tabs et-tab395910966 etab-clearfix\" data-id=\"etab-395910966\">\n\t\t\t\t\t\t\t\t\t\t<li class=\"etab-label etab-active-show\" id=\"etab-AG90PqDoNb-395910966\">\n\t\t\t\t\t\t\t\t\t\t\t\t\t\t\t\t<a href=\"javascript:void(0);\" data-tabtype=\"component_type\">\n\t\t\t\t\t\t\t\t\t\t\t\t\t\t\t\t\t\t<div class=\"etab-title-wrapper\">\n\t\t\t\t\t\t\t\t\t\t\t\t\t\t\t\t\t\t\t\t\t\t<span class=\"etab-icon-wrapper etab-available-icons\">\n\t\t\t\t\t\t\t\t\t\t\t\t\t<i class=\"dashicons dashicons-products\"><\/i>\n\t\t\t\t\t\t\t\t\t\t\t\t<\/span>\n\t\t\t\t\t\t\t\t\t\t\t\t\t\t\t\t\t\t\t\t\t\t<span class=\"etab-title\">CREDENCIADA<\/span>\n\t\t\t\t\t\t\t\t\t\t\t\t\t\t\t\t\t\t\t<\/div>\n\t\t\t\t\t\t\t\t<\/a>\n\t\t\t\t\t\t\t<\/li>\n\t\t\t\t\t\t\t\t\t\t\t\t\t<li class=\"etab-label \" id=\"etab-0pHL0ICkB7-395910966\">\n\t\t\t\t\t\t\t\t\t\t\t\t\t\t\t\t<a href=\"javascript:void(0);\" data-tabtype=\"component_type\">\n\t\t\t\t\t\t\t\t\t\t\t\t\t\t\t\t\t\t<div class=\"etab-title-wrapper\">\n\t\t\t\t\t\t\t\t\t\t\t\t\t\t\t\t\t\t\t\t\t\t<span class=\"etab-icon-wrapper etab-available-icons\">\n\t\t\t\t\t\t\t\t\t\t\t\t\t<i class=\"dashicons dashicons-dashboard\"><\/i>\n\t\t\t\t\t\t\t\t\t\t\t\t<\/span>\n\t\t\t\t\t\t\t\t\t\t\t\t\t\t\t\t\t\t\t\t\t\t<span class=\"etab-title\">EMPRESA<\/span>\n\t\t\t\t\t\t\t\t\t\t\t\t\t\t\t\t\t\t\t<\/div>\n\t\t\t\t\t\t\t\t<\/a>\n\t\t\t\t\t\t\t<\/li>\n\t\t\t\t\t\t\t\t\t\t\t\t\t<li class=\"etab-label \" id=\"etab-4qaHW1ErFA-395910966\">\n\t\t\t\t\t\t\t\t\t\t\t\t\t\t\t\t<a href=\"javascript:void(0);\" data-tabtype=\"component_type\">\n\t\t\t\t\t\t\t\t\t\t\t\t\t\t\t\t\t\t<div class=\"etab-title-wrapper\">\n\t\t\t\t\t\t\t\t\t\t\t\t\t\t\t\t\t\t\t\t\t\t<span class=\"etab-icon-wrapper etab-available-icons\">\n\t\t\t\t\t\t\t\t\t\t\t\t\t<i class=\"dashicons dashicons-admin-users\"><\/i>\n\t\t\t\t\t\t\t\t\t\t\t\t<\/span>\n\t\t\t\t\t\t\t\t\t\t\t\t\t\t\t\t\t\t\t\t\t\t<span class=\"etab-title\">USU\u00c1RIOS<\/span>\n\t\t\t\t\t\t\t\t\t\t\t\t\t\t\t\t\t\t\t<\/div>\n\t\t\t\t\t\t\t\t<\/a>\n\t\t\t\t\t\t\t<\/li>\n\t\t\t\t\t\t\t\t\t\t\t\t\t<\/ul>\n\t\t\t\t\t<\/div>\n\t\t\t\t\t<div class=\"etab-content-wrap\">\n\t\t\t\t\t\t\t\t\t\t\t\t\t\t<div class=\"etab-content-section etab-395910966 etab-active-content etab-AG90PqDoNb-395910966\" data-active=\"1\">\n\t\t\t\t\t\t\t\t\t\t\t\t\t\t\t\t\t\t\t<div class=\"etab-editor-content clearfix\">\n\t\t\t\t\t\t\t\t\t\t\t<p>&#8211; Agilidade no fechamento das transa\u00e7\u00f5es mensais;<\/p>\n<p>&#8211; Garantia de recebimento em dia;<\/p>\n<p>&#8211; Acesso \u00e0 um p\u00fablico diferenciado;<\/p>\n<p>&#8211; Extrato e saldo gratuito quando quiser;<\/p>\n<p>&#8211; Maior visibilidade do seu neg\u00f3cio em nossos canais digitais;<\/p>\n<p>&#8211; Melhores taxas e condi\u00e7\u00f5es de vendas parceladas;<\/p>\n<p>&#8211; Central de atendimento;<\/p>\n<p>&#8211; Material de venda e divulga\u00e7\u00e3o gratuita.<\/p>\n<p>&#8211; Vendas On-Line, sistema POS e TEF(SiTef);<\/p>\n<p>&#8211; Solu\u00e7\u00f5es inteligentes e integradas que facilitam a gest\u00e3o da empresa;<\/p>\n<p>&#8211; Relacionamento e atendimento consultivo integral;<\/p>\n<p>&#8211; Extratos atualizados a cada venda, consultas on-line, via telefone e outros canais;<\/p>\n<p>&#8211; Antecipa\u00e7\u00e3o de receb\u00edveis e aumento das oportunidades para o seu neg\u00f3cio.<\/p>\n\t\t\t\t\t\t\t\t\t\t<\/div>\n\t\t\t\t\t\t\t\t\t \n\t\t\t\t\t\t\t\t<\/div>\n\t\t\t\t\t\t\t\t\t\t\t\t\t\t\t<div class=\"etab-content-section etab-395910966  etab-0pHL0ICkB7-395910966\" data-active=\"0\">\n\t\t\t\t\t\t\t\t\t\t\t\t\t\t\t\t\t\t\t<div class=\"etab-editor-content clearfix\">\n\t\t\t\t\t\t\t\t\t\t\t<p>&#8211; Alta tecnologia em gest\u00e3o de benef\u00edcios para os funcion\u00e1rios;<\/p>\n<p>&#8211; Controle na utiliza\u00e7\u00e3o dos cart\u00f5es pelos seus funcion\u00e1rios;<\/p>\n<p>&#8211; Manter a integridade salarial dos funcion\u00e1rios atrav\u00e9s de limite de cr\u00e9dito estabelecido pela empresa;<\/p>\n<p>&#8211; Adiantamentos e vales aos funcion\u00e1rios sem desembolso financeiro e custos banc\u00e1rios;<\/p>\n<p>&#8211; Disponibilidade de relat\u00f3rios sint\u00e9ticos e anal\u00edticos de todas as transa\u00e7\u00f5es efetuadas pelos funcion\u00e1rios via internet;<\/p>\n<p>&#8211; Agilidade, facilidade, flexibilidade e tecnologia de ponta sem burocracia;<\/p>\n<p>&#8211; Seguran\u00e7a e agilidade no bloqueio de cart\u00f5es\u00a0 no caso de demiss\u00f5es, roubo ou uso indevido;<\/p>\n<p>&#8211; Acesso online aos gastos realizados pelo funcion\u00e1rio na hora que desejar;<\/p>\n<p>&#8211; Maior satisfa\u00e7\u00e3o do funcion\u00e1rio, traduzindo-se em maior produtividade;<\/p>\n<p>&#8211; Possibilidade de oferecer pr\u00eamios ou b\u00f4nus via cart\u00e3o, aos funcion\u00e1rios;<\/p>\n<p>&#8211; Possibilidade de personaliza\u00e7\u00e3o dos cart\u00f5es;<\/p>\n<p>&#8211; Divulga\u00e7\u00e3o da empresa como credenciada na rede Bellocard.<\/p>\n\t\t\t\t\t\t\t\t\t\t<\/div>\n\t\t\t\t\t\t\t\t\t \n\t\t\t\t\t\t\t\t<\/div>\n\t\t\t\t\t\t\t\t\t\t\t\t\t\t\t<div class=\"etab-content-section etab-395910966  etab-4qaHW1ErFA-395910966\" data-active=\"0\">\n\t\t\t\t\t\t\t\t\t\t\t\t\t\t\t\t\t\t\t<div class=\"etab-editor-content clearfix\">\n\t\t\t\t\t\t\t\t\t\t\t<p>&#8211; Aquisi\u00e7\u00f5es de bens e\/ou servi\u00e7os, com d\u00e9bitos em folha, com at\u00e9 45 dias para pagar sem juros;<\/p>\n<p>&#8211; Economia de custos banc\u00e1rios (tarifas e folhas de cheque);<\/p>\n<p>&#8211; Comodidade para efetuar suas compras at\u00e9 o limite estabelecido pela empresa, em v\u00e1rios estabelecimentos;<\/p>\n<p>&#8211; Sem burocracia;<\/p>\n<p>&#8211; Cr\u00e9dito pr\u00e9-aprovado;<\/p>\n<p>&#8211; Liberdade de escolha, em fun\u00e7\u00e3o de promo\u00e7\u00f5es, pre\u00e7os, localiza\u00e7\u00e3o;<\/p>\n<p>&#8211; Seguran\u00e7a no sistema, n\u00e3o permitindo excesso de limite;<\/p>\n<p>&#8211; Limite atualizado Atrav\u00e9s do Holerite;<\/p>\n<p>&#8211; Saldo atualizado a cada compra, com consulta online, via internet ou telefone;<\/p>\n<p>&#8211; Facilidade para bloqueio em caso de perda ou roubo, via internet, telefone ou fax;<\/p>\n<p>&#8211; Seguran\u00e7a total nas compras, cart\u00e3o nominal e intransfer\u00edvel;<\/p>\n<p>&#8211; Plena aceita\u00e7\u00e3o e agilidade nas compras;<\/p>\n<p>&#8211; Atendimento em hor\u00e1rio Comercial;<\/p>\n<p>&#8211; Participa\u00e7\u00e3o de todas as promo\u00e7\u00f5es e sorteios lan\u00e7ados pela rede credenciada;<\/p>\n<p>&#8211; Compras on-line: NetFlix, Vivo, Oi, Oi TV, Claro, Claro TV, UBER, IFood, Google Play, Sky, FreeFire, League Legends, XBOX, PlayStation entre outras.<\/p>\n<p>&#8211; Saque F\u00e1cil &#8211; PIX<\/p>\n\t\t\t\t\t\t\t\t\t\t<\/div>\n\t\t\t\t\t\t\t\t\t \n\t\t\t\t\t\t\t\t<\/div>\n\t\t\t\t\t\t\t\t\t\t\t\t\t<\/div>\n\t\t\t\t\t<\/div>\n\t\t\t\t\t\n\n\n","protected":false},"excerpt":{"rendered":"<p>Conhe\u00e7a nossas Vantagens<\/p>\n","protected":false},"author":1,"featured_media":0,"parent":0,"menu_order":0,"comment_status":"closed","ping_status":"closed","template":"","meta":{"footnotes":""},"class_list":["post-23","page","type-page","status-publish","hentry"],"_links":{"self":[{"href":"https:\/\/bellocard.com.br\/index.php\/wp-json\/wp\/v2\/pages\/23","targetHints":{"allow":["GET"]}}],"collection":[{"href":"https:\/\/bellocard.com.br\/index.php\/wp-json\/wp\/v2\/pages"}],"about":[{"href":"https:\/\/bellocard.com.br\/index.php\/wp-json\/wp\/v2\/types\/page"}],"author":[{"embeddable":true,"href":"https:\/\/bellocard.com.br\/index.php\/wp-json\/wp\/v2\/users\/1"}],"replies":[{"embeddable":true,"href":"https:\/\/bellocard.com.br\/index.php\/wp-json\/wp\/v2\/comments?post=23"}],"version-history":[{"count":4,"href":"https:\/\/bellocard.com.br\/index.php\/wp-json\/wp\/v2\/pages\/23\/revisions"}],"predecessor-version":[{"id":110,"href":"https:\/\/bellocard.com.br\/index.php\/wp-json\/wp\/v2\/pages\/23\/revisions\/110"}],"wp:attachment":[{"href":"https:\/\/bellocard.com.br\/index.php\/wp-json\/wp\/v2\/media?parent=23"}],"curies":[{"name":"wp","href":"https:\/\/api.w.org\/{rel}","templated":true}]}}