{"id":28,"date":"2021-07-27T21:01:03","date_gmt":"2021-07-28T00:01:03","guid":{"rendered":"https:\/\/bellocard.com.br\/?page_id=28"},"modified":"2021-08-10T10:49:25","modified_gmt":"2021-08-10T13:49:25","slug":"alimentacao","status":"publish","type":"page","link":"https:\/\/bellocard.com.br\/index.php\/alimentacao\/","title":{"rendered":"Alimenta\u00e7\u00e3o"},"content":{"rendered":"\n<h2 class=\"wp-block-heading\">Conhe\u00e7a nosso Cart\u00e3o Alimenta\u00e7\u00e3o<\/h2>\n\n\n\n<hr class=\"wp-block-separator\"\/>\n\n\n\n<figure class=\"wp-block-image size-large\"><img decoding=\"async\" width=\"1024\" height=\"652\" src=\"https:\/\/bellocard.com.br\/wp-content\/uploads\/2021\/08\/alimentacao01-1024x652.jpg\" alt=\"\" class=\"wp-image-173\" srcset=\"https:\/\/bellocard.com.br\/wp-content\/uploads\/2021\/08\/alimentacao01-1024x652.jpg 1024w, https:\/\/bellocard.com.br\/wp-content\/uploads\/2021\/08\/alimentacao01-300x191.jpg 300w, https:\/\/bellocard.com.br\/wp-content\/uploads\/2021\/08\/alimentacao01-768x489.jpg 768w, https:\/\/bellocard.com.br\/wp-content\/uploads\/2021\/08\/alimentacao01-1536x978.jpg 1536w, https:\/\/bellocard.com.br\/wp-content\/uploads\/2021\/08\/alimentacao01.jpg 2018w\" sizes=\"(max-width: 1024px) 100vw, 1024px\" \/><\/figure>\n\n\n\n<p>&#8211; Elimina Tickets e Cestas B\u00e1sicas;<\/p>\n\n\n\n<p>&#8211; Benef\u00edcios para a Empresa;<\/p>\n\n\n\n<p>&#8211; Programa PAT, sem encargos sociais para a empresa;<\/p>\n\n\n\n<p>&#8211; Controle de Gastos, Extratos e Saldos;<\/p>\n","protected":false},"excerpt":{"rendered":"<p>Conhe\u00e7a nosso Cart\u00e3o Alimenta\u00e7\u00e3o &#8211; Elimina Tickets e Cestas B\u00e1sicas; &#8211; Benef\u00edcios para a Empresa; &#8211; Programa PAT, sem encargos sociais para a empresa; &#8211; Controle de Gastos, Extratos e Saldos;<\/p>\n","protected":false},"author":1,"featured_media":0,"parent":0,"menu_order":0,"comment_status":"closed","ping_status":"closed","template":"","meta":{"footnotes":""},"class_list":["post-28","page","type-page","status-publish","hentry"],"_links":{"self":[{"href":"https:\/\/bellocard.com.br\/index.php\/wp-json\/wp\/v2\/pages\/28","targetHints":{"allow":["GET"]}}],"collection":[{"href":"https:\/\/bellocard.com.br\/index.php\/wp-json\/wp\/v2\/pages"}],"about":[{"href":"https:\/\/bellocard.com.br\/index.php\/wp-json\/wp\/v2\/types\/page"}],"author":[{"embeddable":true,"href":"https:\/\/bellocard.com.br\/index.php\/wp-json\/wp\/v2\/users\/1"}],"replies":[{"embeddable":true,"href":"https:\/\/bellocard.com.br\/index.php\/wp-json\/wp\/v2\/comments?post=28"}],"version-history":[{"count":5,"href":"https:\/\/bellocard.com.br\/index.php\/wp-json\/wp\/v2\/pages\/28\/revisions"}],"predecessor-version":[{"id":174,"href":"https:\/\/bellocard.com.br\/index.php\/wp-json\/wp\/v2\/pages\/28\/revisions\/174"}],"wp:attachment":[{"href":"https:\/\/bellocard.com.br\/index.php\/wp-json\/wp\/v2\/media?parent=28"}],"curies":[{"name":"wp","href":"https:\/\/api.w.org\/{rel}","templated":true}]}}