{"id":30,"date":"2021-07-27T21:04:11","date_gmt":"2021-07-28T00:04:11","guid":{"rendered":"https:\/\/bellocard.com.br\/?page_id=30"},"modified":"2021-08-18T13:40:14","modified_gmt":"2021-08-18T17:40:14","slug":"convenio","status":"publish","type":"page","link":"https:\/\/bellocard.com.br\/index.php\/convenio\/","title":{"rendered":"Conv\u00eanio"},"content":{"rendered":"\n<h2 class=\"wp-block-heading\">Conhe\u00e7a nosso Cart\u00e3o Conv\u00eanio<\/h2>\n\n\n\n<hr class=\"wp-block-separator\"\/>\n\n\n\n<figure class=\"wp-block-image size-large\"><img decoding=\"async\" width=\"1024\" height=\"655\" src=\"https:\/\/bellocard.com.br\/wp-content\/uploads\/2021\/08\/convenio01-1024x655.jpg\" alt=\"\" class=\"wp-image-175\" srcset=\"https:\/\/bellocard.com.br\/wp-content\/uploads\/2021\/08\/convenio01-1024x655.jpg 1024w, https:\/\/bellocard.com.br\/wp-content\/uploads\/2021\/08\/convenio01-300x192.jpg 300w, https:\/\/bellocard.com.br\/wp-content\/uploads\/2021\/08\/convenio01-768x491.jpg 768w, https:\/\/bellocard.com.br\/wp-content\/uploads\/2021\/08\/convenio01-1536x982.jpg 1536w, https:\/\/bellocard.com.br\/wp-content\/uploads\/2021\/08\/convenio01.jpg 2010w\" sizes=\"(max-width: 1024px) 100vw, 1024px\" \/><\/figure>\n\n\n\n<p>&#8211; Elimina Vale em dinheiro, comprometimento de at\u00e9 30% do sal\u00e1rio;<\/p>\n\n\n\n<p>&#8211; Desconto direto na folha de pagamento;<\/p>\n\n\n\n<p>&#8211; O limite de cr\u00e9dito do trabalhador de acordo com sal\u00e1rio de cada colaborador;<\/p>\n\n\n\n<p>&#8211; Saque F\u00e1cil &#8211; PIX;<\/p>\n\n\n\n<p>&#8211; Poder de escolha do Funcion\u00e1rio;<\/p>\n\n\n\n<p>&#8211; Participa\u00e7\u00e3o de Premia\u00e7\u00f5es pela Administradora de Cart\u00f5es;<\/p>\n\n\n\n<p>&#8211; Controle de Gastos, Extratos e Saldos gratuitos e em tempo real;<\/p>\n\n\n\n<p>&#8211; Utiliza\u00e7\u00e3o em toda Rede Credenciada: Postos de Combust\u00edvel, Supermercados, Farm\u00e1cias, Lojas de Vestu\u00e1rio, Lanchonetes, Padarias, Restaurantes entre outros;<\/p>\n\n\n\n<p>\u2013 Compras on-line: NetFlix, Vivo, Oi, Oi TV, Claro, Claro TV, UBER, IFood, Google Play, Sky, FreeFire, League Legends, XBOX, PlayStation entre outras.<\/p>\n","protected":false},"excerpt":{"rendered":"<p>Conhe\u00e7a nosso Cart\u00e3o Conv\u00eanio &#8211; Elimina Vale em dinheiro, comprometimento de at\u00e9 30% do sal\u00e1rio; &#8211; Desconto direto na folha de pagamento; &#8211; O limite de cr\u00e9dito do trabalhador de acordo com sal\u00e1rio de cada colaborador; &#8211; Saque F\u00e1cil &#8211; PIX; &#8211; Poder de escolha do Funcion\u00e1rio; &#8211; Participa\u00e7\u00e3o de Premia\u00e7\u00f5es pela Administradora de Cart\u00f5es; [&hellip;]<\/p>\n","protected":false},"author":1,"featured_media":0,"parent":0,"menu_order":0,"comment_status":"closed","ping_status":"closed","template":"","meta":{"footnotes":""},"class_list":["post-30","page","type-page","status-publish","hentry"],"_links":{"self":[{"href":"https:\/\/bellocard.com.br\/index.php\/wp-json\/wp\/v2\/pages\/30","targetHints":{"allow":["GET"]}}],"collection":[{"href":"https:\/\/bellocard.com.br\/index.php\/wp-json\/wp\/v2\/pages"}],"about":[{"href":"https:\/\/bellocard.com.br\/index.php\/wp-json\/wp\/v2\/types\/page"}],"author":[{"embeddable":true,"href":"https:\/\/bellocard.com.br\/index.php\/wp-json\/wp\/v2\/users\/1"}],"replies":[{"embeddable":true,"href":"https:\/\/bellocard.com.br\/index.php\/wp-json\/wp\/v2\/comments?post=30"}],"version-history":[{"count":8,"href":"https:\/\/bellocard.com.br\/index.php\/wp-json\/wp\/v2\/pages\/30\/revisions"}],"predecessor-version":[{"id":208,"href":"https:\/\/bellocard.com.br\/index.php\/wp-json\/wp\/v2\/pages\/30\/revisions\/208"}],"wp:attachment":[{"href":"https:\/\/bellocard.com.br\/index.php\/wp-json\/wp\/v2\/media?parent=30"}],"curies":[{"name":"wp","href":"https:\/\/api.w.org\/{rel}","templated":true}]}}